{"id":1247,"date":"2016-07-15T23:02:38","date_gmt":"2016-07-15T21:02:38","guid":{"rendered":"http:\/\/www.ffolsachmolzbichl.at\/wp\/?page_id=1247"},"modified":"2016-11-20T17:00:22","modified_gmt":"2016-11-20T16:00:22","slug":"einsaetze-2016","status":"publish","type":"page","link":"https:\/\/www.ffolsachmolzbichl.at\/wp\/einsaetze-2016\/","title":{"rendered":"Einsatzliste 2016"},"content":{"rendered":"<table class=\"einsatzverwaltung-reportlist\"><tbody><tr class=\"einsatz-header\"><th style=\"white-space: nowrap;\">Datum<\/th><th style=\"white-space: nowrap;\">Uhrzeit<\/th><th style=\"\">Einsatzort<\/th><th style=\"\">Einsatzmeldung<\/th><\/tr><tr class=\"zebracorrection\"><td colspan=\"4\">&nbsp;<\/td><\/tr><tr class=\"report\"><td class=\"smallscreen\" colspan=\"4\" data-permalink=\"\"><span class=\"einsatz-date\"><strong>Datum:<\/strong> 21.12.2016<\/span><br><span class=\"einsatz-time\"><strong>Uhrzeit:<\/strong> 19:45<\/span><br><span class=\"einsatz-location\"><strong>Einsatzort:<\/strong> Rothenthurn<\/span><br><span class=\"einsatz-title\"><strong>Einsatzmeldung:<\/strong> Pumparbeiten<\/span><br><\/td><td class=\"einsatz-column-date\">21.12.2016<\/td><td class=\"einsatz-column-time\">19:45<\/td><td class=\"einsatz-column-location\">Rothenthurn<\/td><td class=\"einsatz-column-title\">Pumparbeiten<\/td><\/tr><tr class=\"report\"><td class=\"smallscreen\" colspan=\"4\" data-permalink=\"\"><span class=\"einsatz-date\"><strong>Datum:<\/strong> 17.12.2016<\/span><br><span class=\"einsatz-time\"><strong>Uhrzeit:<\/strong> 19:33<\/span><br><span class=\"einsatz-location\"><strong>Einsatzort:<\/strong> Rothenthurn<\/span><br><span class=\"einsatz-title\"><strong>Einsatzmeldung:<\/strong> Pumparbeiten<\/span><br><\/td><td class=\"einsatz-column-date\">17.12.2016<\/td><td class=\"einsatz-column-time\">19:33<\/td><td class=\"einsatz-column-location\">Rothenthurn<\/td><td class=\"einsatz-column-title\">Pumparbeiten<\/td><\/tr><tr class=\"report\"><td class=\"smallscreen\" colspan=\"4\" data-permalink=\"\"><span class=\"einsatz-date\"><strong>Datum:<\/strong> 11.11.2016<\/span><br><span class=\"einsatz-time\"><strong>Uhrzeit:<\/strong> 16:30<\/span><br><span class=\"einsatz-location\"><strong>Einsatzort:<\/strong> Molzbichl<\/span><br><span class=\"einsatz-title\"><strong>Einsatzmeldung:<\/strong> Sicherungsdienst bei Veranstaltung<\/span><br><\/td><td class=\"einsatz-column-date\">11.11.2016<\/td><td class=\"einsatz-column-time\">16:30<\/td><td class=\"einsatz-column-location\">Molzbichl<\/td><td class=\"einsatz-column-title\">Sicherungsdienst bei Veranstaltung<\/td><\/tr><tr class=\"report\"><td class=\"smallscreen\" colspan=\"4\" data-permalink=\"\"><span class=\"einsatz-date\"><strong>Datum:<\/strong> 31.10.2016<\/span><br><span class=\"einsatz-time\"><strong>Uhrzeit:<\/strong> 14:30<\/span><br><span class=\"einsatz-location\"><strong>Einsatzort:<\/strong> Gro\u00dfegg<\/span><br><span class=\"einsatz-title\"><strong>Einsatzmeldung:<\/strong> Techn. Hilfeleistung<\/span><br><\/td><td class=\"einsatz-column-date\">31.10.2016<\/td><td class=\"einsatz-column-time\">14:30<\/td><td class=\"einsatz-column-location\">Gro\u00dfegg<\/td><td class=\"einsatz-column-title\">Techn. Hilfeleistung<\/td><\/tr><tr class=\"report\"><td class=\"smallscreen\" colspan=\"4\" data-permalink=\"https:\/\/www.ffolsachmolzbichl.at\/wp\/einsatzberichte\/kaminbrand-in-schwarzenbach\/\"><span class=\"einsatz-date\"><strong>Datum:<\/strong> 08.10.2016<\/span><br><span class=\"einsatz-time\"><strong>Uhrzeit:<\/strong> 15:45<\/span><br><span class=\"einsatz-location\"><strong>Einsatzort:<\/strong> Schwarzenbach<\/span><br><span class=\"einsatz-title\"><strong>Einsatzmeldung:<\/strong> <a href=\"https:\/\/www.ffolsachmolzbichl.at\/wp\/einsatzberichte\/kaminbrand-in-schwarzenbach\/\" rel=\"bookmark\">Kaminbrand in Schwarzenbach<\/a><\/span><br><\/td><td class=\"einsatz-column-date\">08.10.2016<\/td><td class=\"einsatz-column-time\">15:45<\/td><td class=\"einsatz-column-location\">Schwarzenbach<\/td><td class=\"einsatz-column-title\"><a href=\"https:\/\/www.ffolsachmolzbichl.at\/wp\/einsatzberichte\/kaminbrand-in-schwarzenbach\/\" rel=\"bookmark\">Kaminbrand in Schwarzenbach<\/a><\/td><\/tr><tr class=\"report\"><td class=\"smallscreen\" colspan=\"4\" data-permalink=\"\"><span class=\"einsatz-date\"><strong>Datum:<\/strong> 17.09.2016<\/span><br><span class=\"einsatz-time\"><strong>Uhrzeit:<\/strong> 17:50<\/span><br><span class=\"einsatz-location\"><strong>Einsatzort:<\/strong> Rothenthurn<\/span><br><span class=\"einsatz-title\"><strong>Einsatzmeldung:<\/strong> Wespen im Wohnbereich<\/span><br><\/td><td class=\"einsatz-column-date\">17.09.2016<\/td><td class=\"einsatz-column-time\">17:50<\/td><td class=\"einsatz-column-location\">Rothenthurn<\/td><td class=\"einsatz-column-title\">Wespen im Wohnbereich<\/td><\/tr><tr class=\"report\"><td class=\"smallscreen\" colspan=\"4\" data-permalink=\"\"><span class=\"einsatz-date\"><strong>Datum:<\/strong> 17.09.2016<\/span><br><span class=\"einsatz-time\"><strong>Uhrzeit:<\/strong> 08:00<\/span><br><span class=\"einsatz-location\"><strong>Einsatzort:<\/strong> Neuolsach<\/span><br><span class=\"einsatz-title\"><strong>Einsatzmeldung:<\/strong> Wespen im Wohnbereich<\/span><br><\/td><td class=\"einsatz-column-date\">17.09.2016<\/td><td class=\"einsatz-column-time\">08:00<\/td><td class=\"einsatz-column-location\">Neuolsach<\/td><td class=\"einsatz-column-title\">Wespen im Wohnbereich<\/td><\/tr><tr class=\"report\"><td class=\"smallscreen\" colspan=\"4\" data-permalink=\"\"><span class=\"einsatz-date\"><strong>Datum:<\/strong> 17.09.2016<\/span><br><span class=\"einsatz-time\"><strong>Uhrzeit:<\/strong> 07:00<\/span><br><span class=\"einsatz-location\"><strong>Einsatzort:<\/strong> Rothenthurn<\/span><br><span class=\"einsatz-title\"><strong>Einsatzmeldung:<\/strong> Aufr\u00e4umarbeiten \u00d6lspur<\/span><br><\/td><td class=\"einsatz-column-date\">17.09.2016<\/td><td class=\"einsatz-column-time\">07:00<\/td><td class=\"einsatz-column-location\">Rothenthurn<\/td><td class=\"einsatz-column-title\">Aufr\u00e4umarbeiten \u00d6lspur<\/td><\/tr><tr class=\"report\"><td class=\"smallscreen\" colspan=\"4\" data-permalink=\"https:\/\/www.ffolsachmolzbichl.at\/wp\/einsatzberichte\/oelspur-erforderte-den-einsatz-von-5-feuerwehren\/\"><span class=\"einsatz-date\"><strong>Datum:<\/strong> 16.09.2016<\/span><br><span class=\"einsatz-time\"><strong>Uhrzeit:<\/strong> 18:32<\/span><br><span class=\"einsatz-location\"><strong>Einsatzort:<\/strong> Rothenthurn<\/span><br><span class=\"einsatz-title\"><strong>Einsatzmeldung:<\/strong> <a href=\"https:\/\/www.ffolsachmolzbichl.at\/wp\/einsatzberichte\/oelspur-erforderte-den-einsatz-von-5-feuerwehren\/\" rel=\"bookmark\">\u00d6lspur erforderte den Einsatz von 5 Feuerwehren<\/a><\/span><br><\/td><td class=\"einsatz-column-date\">16.09.2016<\/td><td class=\"einsatz-column-time\">18:32<\/td><td class=\"einsatz-column-location\">Rothenthurn<\/td><td class=\"einsatz-column-title\"><a href=\"https:\/\/www.ffolsachmolzbichl.at\/wp\/einsatzberichte\/oelspur-erforderte-den-einsatz-von-5-feuerwehren\/\" rel=\"bookmark\">\u00d6lspur erforderte den Einsatz von 5 Feuerwehren<\/a><\/td><\/tr><tr class=\"report\"><td class=\"smallscreen\" colspan=\"4\" data-permalink=\"\"><span class=\"einsatz-date\"><strong>Datum:<\/strong> 08.09.2016<\/span><br><span class=\"einsatz-time\"><strong>Uhrzeit:<\/strong> 19:00<\/span><br><span class=\"einsatz-location\"><strong>Einsatzort:<\/strong> Schlosssiedlung<\/span><br><span class=\"einsatz-title\"><strong>Einsatzmeldung:<\/strong> Wespen im Wohnbereich<\/span><br><\/td><td class=\"einsatz-column-date\">08.09.2016<\/td><td class=\"einsatz-column-time\">19:00<\/td><td class=\"einsatz-column-location\">Schlosssiedlung<\/td><td class=\"einsatz-column-title\">Wespen im Wohnbereich<\/td><\/tr><tr class=\"report\"><td class=\"smallscreen\" colspan=\"4\" data-permalink=\"\"><span class=\"einsatz-date\"><strong>Datum:<\/strong> 07.09.2016<\/span><br><span class=\"einsatz-time\"><strong>Uhrzeit:<\/strong> 09:00<\/span><br><span class=\"einsatz-location\"><strong>Einsatzort:<\/strong> Nu\u00dfdorf<\/span><br><span class=\"einsatz-title\"><strong>Einsatzmeldung:<\/strong> Wespen im Wohnbereich<\/span><br><\/td><td class=\"einsatz-column-date\">07.09.2016<\/td><td class=\"einsatz-column-time\">09:00<\/td><td class=\"einsatz-column-location\">Nu\u00dfdorf<\/td><td class=\"einsatz-column-title\">Wespen im Wohnbereich<\/td><\/tr><tr class=\"report\"><td class=\"smallscreen\" colspan=\"4\" data-permalink=\"\"><span class=\"einsatz-date\"><strong>Datum:<\/strong> 05.09.2016<\/span><br><span class=\"einsatz-time\"><strong>Uhrzeit:<\/strong> 11:45<\/span><br><span class=\"einsatz-location\"><strong>Einsatzort:<\/strong> Rothenthurn<\/span><br><span class=\"einsatz-title\"><strong>Einsatzmeldung:<\/strong> Pumparbeiten<\/span><br><\/td><td class=\"einsatz-column-date\">05.09.2016<\/td><td class=\"einsatz-column-time\">11:45<\/td><td class=\"einsatz-column-location\">Rothenthurn<\/td><td class=\"einsatz-column-title\">Pumparbeiten<\/td><\/tr><tr class=\"report\"><td class=\"smallscreen\" colspan=\"4\" data-permalink=\"https:\/\/www.ffolsachmolzbichl.at\/wp\/einsatzberichte\/unwettereinsaetze-in-ferndorf\/\"><span class=\"einsatz-date\"><strong>Datum:<\/strong> 04.09.2016<\/span><br><span class=\"einsatz-time\"><strong>Uhrzeit:<\/strong> 16:26<\/span><br><span class=\"einsatz-location\"><strong>Einsatzort:<\/strong> Ferndorf<\/span><br><span class=\"einsatz-title\"><strong>Einsatzmeldung:<\/strong> <a href=\"https:\/\/www.ffolsachmolzbichl.at\/wp\/einsatzberichte\/unwettereinsaetze-in-ferndorf\/\" rel=\"bookmark\">Unwettereins\u00e4tze in Ferndorf<\/a><\/span><br><\/td><td class=\"einsatz-column-date\">04.09.2016<\/td><td class=\"einsatz-column-time\">16:26<\/td><td class=\"einsatz-column-location\">Ferndorf<\/td><td class=\"einsatz-column-title\"><a href=\"https:\/\/www.ffolsachmolzbichl.at\/wp\/einsatzberichte\/unwettereinsaetze-in-ferndorf\/\" rel=\"bookmark\">Unwettereins\u00e4tze in Ferndorf<\/a><\/td><\/tr><tr class=\"report\"><td class=\"smallscreen\" colspan=\"4\" data-permalink=\"\"><span class=\"einsatz-date\"><strong>Datum:<\/strong> 26.08.2016<\/span><br><span class=\"einsatz-time\"><strong>Uhrzeit:<\/strong> 10:30<\/span><br><span class=\"einsatz-location\"><strong>Einsatzort:<\/strong> Rothenthurn<\/span><br><span class=\"einsatz-title\"><strong>Einsatzmeldung:<\/strong> Sicherungsdienst Oldtimer-Rundfahrt<\/span><br><\/td><td class=\"einsatz-column-date\">26.08.2016<\/td><td class=\"einsatz-column-time\">10:30<\/td><td class=\"einsatz-column-location\">Rothenthurn<\/td><td class=\"einsatz-column-title\">Sicherungsdienst Oldtimer-Rundfahrt<\/td><\/tr><tr class=\"report\"><td class=\"smallscreen\" colspan=\"4\" data-permalink=\"\"><span class=\"einsatz-date\"><strong>Datum:<\/strong> 16.08.2016<\/span><br><span class=\"einsatz-time\"><strong>Uhrzeit:<\/strong> 19:00<\/span><br><span class=\"einsatz-location\"><strong>Einsatzort:<\/strong> Molzbichl<\/span><br><span class=\"einsatz-title\"><strong>Einsatzmeldung:<\/strong> Wespen im Wohnbereich<\/span><br><\/td><td class=\"einsatz-column-date\">16.08.2016<\/td><td class=\"einsatz-column-time\">19:00<\/td><td class=\"einsatz-column-location\">Molzbichl<\/td><td class=\"einsatz-column-title\">Wespen im Wohnbereich<\/td><\/tr><tr class=\"report\"><td class=\"smallscreen\" colspan=\"4\" data-permalink=\"\"><span class=\"einsatz-date\"><strong>Datum:<\/strong> 01.08.2016<\/span><br><span class=\"einsatz-time\"><strong>Uhrzeit:<\/strong> 19:00<\/span><br><span class=\"einsatz-location\"><strong>Einsatzort:<\/strong> Winkl<\/span><br><span class=\"einsatz-title\"><strong>Einsatzmeldung:<\/strong> Wespen im Wohnbereich<\/span><br><\/td><td class=\"einsatz-column-date\">01.08.2016<\/td><td class=\"einsatz-column-time\">19:00<\/td><td class=\"einsatz-column-location\">Winkl<\/td><td class=\"einsatz-column-title\">Wespen im Wohnbereich<\/td><\/tr><tr class=\"report\"><td class=\"smallscreen\" colspan=\"4\" data-permalink=\"https:\/\/www.ffolsachmolzbichl.at\/wp\/einsatzberichte\/wirtschaftsgebaeudebrand-in-unteramlach\/\"><span class=\"einsatz-date\"><strong>Datum:<\/strong> 30.07.2016<\/span><br><span class=\"einsatz-time\"><strong>Uhrzeit:<\/strong> 22:56<\/span><br><span class=\"einsatz-location\"><strong>Einsatzort:<\/strong> Unteramlach<\/span><br><span class=\"einsatz-title\"><strong>Einsatzmeldung:<\/strong> <a href=\"https:\/\/www.ffolsachmolzbichl.at\/wp\/einsatzberichte\/wirtschaftsgebaeudebrand-in-unteramlach\/\" rel=\"bookmark\">Wirtschaftsgeb\u00e4udebrand in Unteramlach<\/a><\/span><br><\/td><td class=\"einsatz-column-date\">30.07.2016<\/td><td class=\"einsatz-column-time\">22:56<\/td><td class=\"einsatz-column-location\">Unteramlach<\/td><td class=\"einsatz-column-title\"><a href=\"https:\/\/www.ffolsachmolzbichl.at\/wp\/einsatzberichte\/wirtschaftsgebaeudebrand-in-unteramlach\/\" rel=\"bookmark\">Wirtschaftsgeb\u00e4udebrand in Unteramlach<\/a><\/td><\/tr><tr class=\"report\"><td class=\"smallscreen\" colspan=\"4\" data-permalink=\"https:\/\/www.ffolsachmolzbichl.at\/wp\/einsatzberichte\/lkw-brand-nach-unfall-auf-der-a10\/\"><span class=\"einsatz-date\"><strong>Datum:<\/strong> 30.07.2016<\/span><br><span class=\"einsatz-time\"><strong>Uhrzeit:<\/strong> 22:13<\/span><br><span class=\"einsatz-location\"><strong>Einsatzort:<\/strong> A10 Tauernautobahn<\/span><br><span class=\"einsatz-title\"><strong>Einsatzmeldung:<\/strong> <a href=\"https:\/\/www.ffolsachmolzbichl.at\/wp\/einsatzberichte\/lkw-brand-nach-unfall-auf-der-a10\/\" rel=\"bookmark\">LKW-Brand nach Unfall auf der A10<\/a><\/span><br><\/td><td class=\"einsatz-column-date\">30.07.2016<\/td><td class=\"einsatz-column-time\">22:13<\/td><td class=\"einsatz-column-location\">A10 Tauernautobahn<\/td><td class=\"einsatz-column-title\"><a href=\"https:\/\/www.ffolsachmolzbichl.at\/wp\/einsatzberichte\/lkw-brand-nach-unfall-auf-der-a10\/\" rel=\"bookmark\">LKW-Brand nach Unfall auf der A10<\/a><\/td><\/tr><tr class=\"report\"><td class=\"smallscreen\" colspan=\"4\" data-permalink=\"https:\/\/www.ffolsachmolzbichl.at\/wp\/einsatzberichte\/wirtschaftsgebaeudebrand-in-aich\/\"><span class=\"einsatz-date\"><strong>Datum:<\/strong> 25.07.2016<\/span><br><span class=\"einsatz-time\"><strong>Uhrzeit:<\/strong> 03:15<\/span><br><span class=\"einsatz-location\"><strong>Einsatzort:<\/strong> Aich<\/span><br><span class=\"einsatz-title\"><strong>Einsatzmeldung:<\/strong> <a href=\"https:\/\/www.ffolsachmolzbichl.at\/wp\/einsatzberichte\/wirtschaftsgebaeudebrand-in-aich\/\" rel=\"bookmark\">Wirtschaftsgeb\u00e4udebrand in Aich<\/a><\/span><br><\/td><td class=\"einsatz-column-date\">25.07.2016<\/td><td class=\"einsatz-column-time\">03:15<\/td><td class=\"einsatz-column-location\">Aich<\/td><td class=\"einsatz-column-title\"><a href=\"https:\/\/www.ffolsachmolzbichl.at\/wp\/einsatzberichte\/wirtschaftsgebaeudebrand-in-aich\/\" rel=\"bookmark\">Wirtschaftsgeb\u00e4udebrand in Aich<\/a><\/td><\/tr><tr class=\"report\"><td class=\"smallscreen\" colspan=\"4\" data-permalink=\"https:\/\/www.ffolsachmolzbichl.at\/wp\/einsatzberichte\/sturmschaden-baum-blockierte-gemeindestrasse\/\"><span class=\"einsatz-date\"><strong>Datum:<\/strong> 13.07.2016<\/span><br><span class=\"einsatz-time\"><strong>Uhrzeit:<\/strong> 16:21<\/span><br><span class=\"einsatz-location\"><strong>Einsatzort:<\/strong> Baldersdorf<\/span><br><span class=\"einsatz-title\"><strong>Einsatzmeldung:<\/strong> <a href=\"https:\/\/www.ffolsachmolzbichl.at\/wp\/einsatzberichte\/sturmschaden-baum-blockierte-gemeindestrasse\/\" rel=\"bookmark\">Sturmschaden: Baum blockierte Gemeindestra\u00dfe<\/a><\/span><br><\/td><td class=\"einsatz-column-date\">13.07.2016<\/td><td class=\"einsatz-column-time\">16:21<\/td><td class=\"einsatz-column-location\">Baldersdorf<\/td><td class=\"einsatz-column-title\"><a href=\"https:\/\/www.ffolsachmolzbichl.at\/wp\/einsatzberichte\/sturmschaden-baum-blockierte-gemeindestrasse\/\" rel=\"bookmark\">Sturmschaden: Baum blockierte Gemeindestra\u00dfe<\/a><\/td><\/tr><tr class=\"report\"><td class=\"smallscreen\" colspan=\"4\" data-permalink=\"\"><span class=\"einsatz-date\"><strong>Datum:<\/strong> 22.06.2016<\/span><br><span class=\"einsatz-time\"><strong>Uhrzeit:<\/strong> 11:30<\/span><br><span class=\"einsatz-location\"><strong>Einsatzort:<\/strong> Olsach<\/span><br><span class=\"einsatz-title\"><strong>Einsatzmeldung:<\/strong> \u00dcberpr\u00fcfung gemeldeter Riesenb\u00e4renklau<\/span><br><\/td><td class=\"einsatz-column-date\">22.06.2016<\/td><td class=\"einsatz-column-time\">11:30<\/td><td class=\"einsatz-column-location\">Olsach<\/td><td class=\"einsatz-column-title\">\u00dcberpr\u00fcfung gemeldeter Riesenb\u00e4renklau<\/td><\/tr><tr class=\"report\"><td class=\"smallscreen\" colspan=\"4\" data-permalink=\"https:\/\/www.ffolsachmolzbichl.at\/wp\/einsatzberichte\/fahrzeugbergung-in-rothenthurn\/\"><span class=\"einsatz-date\"><strong>Datum:<\/strong> 12.06.2016<\/span><br><span class=\"einsatz-time\"><strong>Uhrzeit:<\/strong> 09:45<\/span><br><span class=\"einsatz-location\"><strong>Einsatzort:<\/strong> Rothenthurn<\/span><br><span class=\"einsatz-title\"><strong>Einsatzmeldung:<\/strong> <a href=\"https:\/\/www.ffolsachmolzbichl.at\/wp\/einsatzberichte\/fahrzeugbergung-in-rothenthurn\/\" rel=\"bookmark\">Fahrzeugbergung in Rothenthurn<\/a><\/span><br><\/td><td class=\"einsatz-column-date\">12.06.2016<\/td><td class=\"einsatz-column-time\">09:45<\/td><td class=\"einsatz-column-location\">Rothenthurn<\/td><td class=\"einsatz-column-title\"><a href=\"https:\/\/www.ffolsachmolzbichl.at\/wp\/einsatzberichte\/fahrzeugbergung-in-rothenthurn\/\" rel=\"bookmark\">Fahrzeugbergung in Rothenthurn<\/a><\/td><\/tr><tr class=\"report\"><td class=\"smallscreen\" colspan=\"4\" data-permalink=\"https:\/\/www.ffolsachmolzbichl.at\/wp\/einsatzberichte\/rauchentwicklung-bei-wohnhaus-in-politzen\/\"><span class=\"einsatz-date\"><strong>Datum:<\/strong> 30.05.2016<\/span><br><span class=\"einsatz-time\"><strong>Uhrzeit:<\/strong> 11:20<\/span><br><span class=\"einsatz-location\"><strong>Einsatzort:<\/strong> Politzen<\/span><br><span class=\"einsatz-title\"><strong>Einsatzmeldung:<\/strong> <a href=\"https:\/\/www.ffolsachmolzbichl.at\/wp\/einsatzberichte\/rauchentwicklung-bei-wohnhaus-in-politzen\/\" rel=\"bookmark\">Rauchentwicklung bei Wohnhaus in Politzen<\/a><\/span><br><\/td><td class=\"einsatz-column-date\">30.05.2016<\/td><td class=\"einsatz-column-time\">11:20<\/td><td class=\"einsatz-column-location\">Politzen<\/td><td class=\"einsatz-column-title\"><a href=\"https:\/\/www.ffolsachmolzbichl.at\/wp\/einsatzberichte\/rauchentwicklung-bei-wohnhaus-in-politzen\/\" rel=\"bookmark\">Rauchentwicklung bei Wohnhaus in Politzen<\/a><\/td><\/tr><tr class=\"report\"><td class=\"smallscreen\" colspan=\"4\" data-permalink=\"https:\/\/www.ffolsachmolzbichl.at\/wp\/einsatzberichte\/sturmschaden-baum-blockierte-drauradweg\/\"><span class=\"einsatz-date\"><strong>Datum:<\/strong> 08.05.2016<\/span><br><span class=\"einsatz-time\"><strong>Uhrzeit:<\/strong> 07:22<\/span><br><span class=\"einsatz-location\"><strong>Einsatzort:<\/strong> Olsach | Drauradweg<\/span><br><span class=\"einsatz-title\"><strong>Einsatzmeldung:<\/strong> <a href=\"https:\/\/www.ffolsachmolzbichl.at\/wp\/einsatzberichte\/sturmschaden-baum-blockierte-drauradweg\/\" rel=\"bookmark\">Sturmschaden: Baum blockierte Drauradweg<\/a><\/span><br><\/td><td class=\"einsatz-column-date\">08.05.2016<\/td><td class=\"einsatz-column-time\">07:22<\/td><td class=\"einsatz-column-location\">Olsach | Drauradweg<\/td><td class=\"einsatz-column-title\"><a href=\"https:\/\/www.ffolsachmolzbichl.at\/wp\/einsatzberichte\/sturmschaden-baum-blockierte-drauradweg\/\" rel=\"bookmark\">Sturmschaden: Baum blockierte Drauradweg<\/a><\/td><\/tr><tr class=\"report\"><td class=\"smallscreen\" colspan=\"4\" data-permalink=\"https:\/\/www.ffolsachmolzbichl.at\/wp\/einsatzberichte\/schwerer-verkehrsunfall-in-olsach\/\"><span class=\"einsatz-date\"><strong>Datum:<\/strong> 23.04.2016<\/span><br><span class=\"einsatz-time\"><strong>Uhrzeit:<\/strong> 14:45<\/span><br><span class=\"einsatz-location\"><strong>Einsatzort:<\/strong> Olsach | B100<\/span><br><span class=\"einsatz-title\"><strong>Einsatzmeldung:<\/strong> <a href=\"https:\/\/www.ffolsachmolzbichl.at\/wp\/einsatzberichte\/schwerer-verkehrsunfall-in-olsach\/\" rel=\"bookmark\">Schwerer Verkehrsunfall in Olsach<\/a><\/span><br><\/td><td class=\"einsatz-column-date\">23.04.2016<\/td><td class=\"einsatz-column-time\">14:45<\/td><td class=\"einsatz-column-location\">Olsach | B100<\/td><td class=\"einsatz-column-title\"><a href=\"https:\/\/www.ffolsachmolzbichl.at\/wp\/einsatzberichte\/schwerer-verkehrsunfall-in-olsach\/\" rel=\"bookmark\">Schwerer Verkehrsunfall in Olsach<\/a><\/td><\/tr><tr class=\"report\"><td class=\"smallscreen\" colspan=\"4\" data-permalink=\"\"><span class=\"einsatz-date\"><strong>Datum:<\/strong> 19.04.2016<\/span><br><span class=\"einsatz-time\"><strong>Uhrzeit:<\/strong> 17:57<\/span><br><span class=\"einsatz-location\"><strong>Einsatzort:<\/strong> Schwarzenbach<\/span><br><span class=\"einsatz-title\"><strong>Einsatzmeldung:<\/strong> Wasserversorgung<\/span><br><\/td><td class=\"einsatz-column-date\">19.04.2016<\/td><td class=\"einsatz-column-time\">17:57<\/td><td class=\"einsatz-column-location\">Schwarzenbach<\/td><td class=\"einsatz-column-title\">Wasserversorgung<\/td><\/tr><tr class=\"report\"><td class=\"smallscreen\" colspan=\"4\" data-permalink=\"https:\/\/www.ffolsachmolzbichl.at\/wp\/einsatzberichte\/lkw-bergung-in-molzbichl\/\"><span class=\"einsatz-date\"><strong>Datum:<\/strong> 17.02.2016<\/span><br><span class=\"einsatz-time\"><strong>Uhrzeit:<\/strong> 07:49<\/span><br><span class=\"einsatz-location\"><strong>Einsatzort:<\/strong> Molzbichl<\/span><br><span class=\"einsatz-title\"><strong>Einsatzmeldung:<\/strong> <a href=\"https:\/\/www.ffolsachmolzbichl.at\/wp\/einsatzberichte\/lkw-bergung-in-molzbichl\/\" rel=\"bookmark\">LKW Bergung in Molzbichl<\/a><\/span><br><\/td><td class=\"einsatz-column-date\">17.02.2016<\/td><td class=\"einsatz-column-time\">07:49<\/td><td class=\"einsatz-column-location\">Molzbichl<\/td><td class=\"einsatz-column-title\"><a href=\"https:\/\/www.ffolsachmolzbichl.at\/wp\/einsatzberichte\/lkw-bergung-in-molzbichl\/\" rel=\"bookmark\">LKW Bergung in Molzbichl<\/a><\/td><\/tr><tr class=\"report\"><td class=\"smallscreen\" colspan=\"4\" data-permalink=\"https:\/\/www.ffolsachmolzbichl.at\/wp\/einsatzberichte\/naechtlicher-kaminbrand\/\"><span class=\"einsatz-date\"><strong>Datum:<\/strong> 23.01.2016<\/span><br><span class=\"einsatz-time\"><strong>Uhrzeit:<\/strong> 01:53<\/span><br><span class=\"einsatz-location\"><strong>Einsatzort:<\/strong> Rothenthurn<\/span><br><span class=\"einsatz-title\"><strong>Einsatzmeldung:<\/strong> <a href=\"https:\/\/www.ffolsachmolzbichl.at\/wp\/einsatzberichte\/naechtlicher-kaminbrand\/\" rel=\"bookmark\">N\u00e4chtlicher Kaminbrand<\/a><\/span><br><\/td><td class=\"einsatz-column-date\">23.01.2016<\/td><td class=\"einsatz-column-time\">01:53<\/td><td class=\"einsatz-column-location\">Rothenthurn<\/td><td class=\"einsatz-column-title\"><a href=\"https:\/\/www.ffolsachmolzbichl.at\/wp\/einsatzberichte\/naechtlicher-kaminbrand\/\" rel=\"bookmark\">N\u00e4chtlicher Kaminbrand<\/a><\/td><\/tr><tr class=\"report\"><td class=\"smallscreen\" colspan=\"4\" data-permalink=\"https:\/\/www.ffolsachmolzbichl.at\/wp\/einsatzberichte\/zwischendeckenbrand-am-dreikoenigstag\/\"><span class=\"einsatz-date\"><strong>Datum:<\/strong> 06.01.2016<\/span><br><span class=\"einsatz-time\"><strong>Uhrzeit:<\/strong> 06:20<\/span><br><span class=\"einsatz-location\"><strong>Einsatzort:<\/strong> Politzen<\/span><br><span class=\"einsatz-title\"><strong>Einsatzmeldung:<\/strong> <a href=\"https:\/\/www.ffolsachmolzbichl.at\/wp\/einsatzberichte\/zwischendeckenbrand-am-dreikoenigstag\/\" rel=\"bookmark\">Zwischendeckenbrand am Dreik\u00f6nigstag<\/a><\/span><br><\/td><td class=\"einsatz-column-date\">06.01.2016<\/td><td class=\"einsatz-column-time\">06:20<\/td><td class=\"einsatz-column-location\">Politzen<\/td><td class=\"einsatz-column-title\"><a href=\"https:\/\/www.ffolsachmolzbichl.at\/wp\/einsatzberichte\/zwischendeckenbrand-am-dreikoenigstag\/\" rel=\"bookmark\">Zwischendeckenbrand am Dreik\u00f6nigstag<\/a><\/td><\/tr><\/tbody><\/table>\n","protected":false},"excerpt":{"rendered":"DatumUhrzeitEinsatzortEinsatzmeldung&nbsp;Datum: 21.12.2016Uhrzeit: 19:45Einsatzort: RothenthurnEinsatzmeldung: Pumparbeiten21.12.201619:45RothenthurnPumparbeitenDatum: 17.12.2016Uhrzeit: 19:33Einsatzort: RothenthurnEinsatzmeldung: Pumparbeiten17.12.201619:33RothenthurnPumparbeitenDatum: 11.11.2016Uhrzeit: 16:30Einsatzort: MolzbichlEinsatzmeldung: Sicherungsdienst bei Veranstaltung11.11.201616:30MolzbichlSicherungsdienst bei VeranstaltungDatum: 31.10.2016Uhrzeit: 14:30Einsatzort: Gro\u00dfeggEinsatzmeldung:","protected":false},"author":1,"featured_media":0,"parent":0,"menu_order":0,"comment_status":"closed","ping_status":"closed","template":"","meta":{"footnotes":"","_links_to":"","_links_to_target":""},"class_list":["post-1247","page","type-page","status-publish","hentry"],"jetpack_sharing_enabled":false,"jetpack_shortlink":"https:\/\/wp.me\/P7IWVa-k7","_links":{"self":[{"href":"https:\/\/www.ffolsachmolzbichl.at\/wp\/wp-json\/wp\/v2\/pages\/1247","targetHints":{"allow":["GET"]}}],"collection":[{"href":"https:\/\/www.ffolsachmolzbichl.at\/wp\/wp-json\/wp\/v2\/pages"}],"about":[{"href":"https:\/\/www.ffolsachmolzbichl.at\/wp\/wp-json\/wp\/v2\/types\/page"}],"author":[{"embeddable":true,"href":"https:\/\/www.ffolsachmolzbichl.at\/wp\/wp-json\/wp\/v2\/users\/1"}],"replies":[{"embeddable":true,"href":"https:\/\/www.ffolsachmolzbichl.at\/wp\/wp-json\/wp\/v2\/comments?post=1247"}],"version-history":[{"count":1,"href":"https:\/\/www.ffolsachmolzbichl.at\/wp\/wp-json\/wp\/v2\/pages\/1247\/revisions"}],"predecessor-version":[{"id":4502,"href":"https:\/\/www.ffolsachmolzbichl.at\/wp\/wp-json\/wp\/v2\/pages\/1247\/revisions\/4502"}],"wp:attachment":[{"href":"https:\/\/www.ffolsachmolzbichl.at\/wp\/wp-json\/wp\/v2\/media?parent=1247"}],"curies":[{"name":"wp","href":"https:\/\/api.w.org\/{rel}","templated":true}]}}